{"id":293,"date":"2023-09-23T08:25:57","date_gmt":"2023-09-23T06:25:57","guid":{"rendered":"http:\/\/ahhjgrk.cluster028.hosting.ovh.net\/?page_id=293"},"modified":"2023-12-15T10:23:34","modified_gmt":"2023-12-15T09:23:34","slug":"services","status":"publish","type":"page","link":"http:\/\/www.serval-associes.eu\/en\/services\/","title":{"rendered":"Services"},"content":{"rendered":"<div data-elementor-type=\"wp-page\" data-elementor-id=\"293\" class=\"elementor elementor-293\">\n\t\t\t\t\t\t\t<div class=\"elementor-element elementor-element-7b45266 e-flex e-con-boxed e-con\" data-id=\"7b45266\" data-element_type=\"container\" data-settings=\"{&quot;background_background&quot;:&quot;classic&quot;,&quot;shape_divider_bottom&quot;:&quot;triangle&quot;,&quot;shape_divider_bottom_negative&quot;:&quot;yes&quot;,&quot;content_width&quot;:&quot;boxed&quot;}\">\n\t\t\t\t\t<div class=\"e-con-inner\">\n\t\t\t\t<div class=\"elementor-shape elementor-shape-bottom\" data-negative=\"true\">\n\t\t\t<svg xmlns=\"http:\/\/www.w3.org\/2000\/svg\" viewbox=\"0 0 1000 100\" preserveaspectratio=\"none\">\n\t<path class=\"elementor-shape-fill\" d=\"M500.2,94.7L0,0v100h1000V0L500.2,94.7z\"\/>\n<\/svg>\t\t<\/div>\n\t\t\t\t<div class=\"elementor-element elementor-element-db293e9 elementor-widget elementor-widget-heading\" data-id=\"db293e9\" data-element_type=\"widget\" data-widget_type=\"heading.default\">\n\t\t\t\t<div class=\"elementor-widget-container\">\n\t\t\t<style>\/*! elementor - v3.15.0 - 20-08-2023 *\/\n.elementor-heading-title{padding:0;margin:0;line-height:1}.elementor-widget-heading .elementor-heading-title[class*=elementor-size-]>a{color:inherit;font-size:inherit;line-height:inherit}.elementor-widget-heading .elementor-heading-title.elementor-size-small{font-size:15px}.elementor-widget-heading .elementor-heading-title.elementor-size-medium{font-size:19px}.elementor-widget-heading .elementor-heading-title.elementor-size-large{font-size:29px}.elementor-widget-heading .elementor-heading-title.elementor-size-xl{font-size:39px}.elementor-widget-heading .elementor-heading-title.elementor-size-xxl{font-size:59px}<\/style><h2 class=\"elementor-heading-title elementor-size-default\">Services<\/h2>\t\t<\/div>\n\t\t\t\t<\/div>\n\t\t\t\t\t<\/div>\n\t\t\t\t<\/div>\n\t\t<div class=\"elementor-element elementor-element-c361ad0 e-flex e-con-boxed e-con\" data-id=\"c361ad0\" data-element_type=\"container\" data-settings=\"{&quot;content_width&quot;:&quot;boxed&quot;}\">\n\t\t\t\t\t<div class=\"e-con-inner\">\n\t\t<div class=\"elementor-element elementor-element-5a8b1bc e-con-full e-flex e-con\" data-id=\"5a8b1bc\" data-element_type=\"container\" data-settings=\"{&quot;content_width&quot;:&quot;full&quot;}\">\n\t\t\t\t<div class=\"elementor-element elementor-element-64d37ca elementor-widget elementor-widget-text-editor\" data-id=\"64d37ca\" data-element_type=\"widget\" data-widget_type=\"text-editor.default\">\n\t\t\t\t<div class=\"elementor-widget-container\">\n\t\t\t<style>\/*! elementor - v3.15.0 - 20-08-2023 *\/\n.elementor-widget-text-editor.elementor-drop-cap-view-stacked .elementor-drop-cap{background-color:#69727d;color:#fff}.elementor-widget-text-editor.elementor-drop-cap-view-framed .elementor-drop-cap{color:#69727d;border:3px solid;background-color:transparent}.elementor-widget-text-editor:not(.elementor-drop-cap-view-default) .elementor-drop-cap{margin-top:8px}.elementor-widget-text-editor:not(.elementor-drop-cap-view-default) .elementor-drop-cap-letter{width:1em;height:1em}.elementor-widget-text-editor .elementor-drop-cap{float:left;text-align:center;line-height:1;font-size:50px}.elementor-widget-text-editor .elementor-drop-cap-letter{display:inline-block}<\/style>\t\t\t\t<p>The name Groupe Audit Serval &amp; Associ\u00e9s is synonymous with quality and integrity with operational capacity in all sectors of activity. Our objective is to ensure the consistency and transparency of accounting and financial information, according to the main international standard systems. Our services are designed to support you in creating value and optimizing your financial assets. Through a tailor-made approach and multidisciplinary expertise, our teams support large international groups, SMEs, private or public investors at each stage of their development in France and internationally.<\/p><p>Groupe Audit Serval &amp; Associ\u00e9s also provides its expertise to investment funds, investment banks and public authorities, as well as in the field of financial transactions, as part of a service dedicated to due diligence.<\/p>\t\t\t\t\t\t<\/div>\n\t\t\t\t<\/div>\n\t\t\t\t<\/div>\n\t\t\t\t\t<\/div>\n\t\t\t\t<\/div>\n\t\t<div class=\"elementor-element elementor-element-484db3a e-flex e-con-boxed e-con\" data-id=\"484db3a\" data-element_type=\"container\" data-settings=\"{&quot;content_width&quot;:&quot;boxed&quot;}\">\n\t\t\t\t\t<div class=\"e-con-inner\">\n\t\t<div class=\"elementor-element elementor-element-cacd575 e-flex e-con-boxed e-con\" data-id=\"cacd575\" data-element_type=\"container\" data-settings=\"{&quot;content_width&quot;:&quot;boxed&quot;}\">\n\t\t\t\t\t<div class=\"e-con-inner\">\n\t\t<div class=\"elementor-element elementor-element-4f747a2 e-con-full e-flex e-con\" data-id=\"4f747a2\" data-element_type=\"container\" data-settings=\"{&quot;content_width&quot;:&quot;full&quot;}\">\n\t\t\t\t<div class=\"elementor-element elementor-element-d5d3f8b elementor-widget elementor-widget-image\" data-id=\"d5d3f8b\" data-element_type=\"widget\" data-widget_type=\"image.default\">\n\t\t\t\t<div class=\"elementor-widget-container\">\n\t\t\t<style>\/*! elementor - v3.15.0 - 20-08-2023 *\/\n.elementor-widget-image{text-align:center}.elementor-widget-image a{display:inline-block}.elementor-widget-image a img[src$=\".svg\"]{width:48px}.elementor-widget-image img{vertical-align:middle;display:inline-block}<\/style>\t\t\t\t\t\t\t\t\t\t\t\t<img loading=\"lazy\" decoding=\"async\" width=\"1000\" height=\"667\" src=\"https:\/\/www.serval-associes.eu\/wp-content\/uploads\/2023\/09\/pexels-kuncheek-210990.jpg\" class=\"attachment-full size-full wp-image-450\" alt=\"\" srcset=\"https:\/\/www.serval-associes.eu\/wp-content\/uploads\/2023\/09\/pexels-kuncheek-210990.jpg 1000w, https:\/\/www.serval-associes.eu\/wp-content\/uploads\/2023\/09\/pexels-kuncheek-210990-300x200.jpg 300w, https:\/\/www.serval-associes.eu\/wp-content\/uploads\/2023\/09\/pexels-kuncheek-210990-768x512.jpg 768w\" sizes=\"auto, (max-width: 1000px) 100vw, 1000px\" \/>\t\t\t\t\t\t\t\t\t\t\t\t\t\t\t<\/div>\n\t\t\t\t<\/div>\n\t\t\t\t<\/div>\n\t\t<div class=\"elementor-element elementor-element-a8bb095 e-con-full e-flex e-con\" data-id=\"a8bb095\" data-element_type=\"container\" data-settings=\"{&quot;content_width&quot;:&quot;full&quot;}\">\n\t\t\t\t<div class=\"elementor-element elementor-element-fb8881c elementor-widget elementor-widget-heading\" data-id=\"fb8881c\" data-element_type=\"widget\" data-widget_type=\"heading.default\">\n\t\t\t\t<div class=\"elementor-widget-container\">\n\t\t\t<h2 class=\"elementor-heading-title elementor-size-default\">Audit<\/h2>\t\t<\/div>\n\t\t\t\t<\/div>\n\t\t\t\t<div class=\"elementor-element elementor-element-8289e78 elementor-widget elementor-widget-text-editor\" data-id=\"8289e78\" data-element_type=\"widget\" data-widget_type=\"text-editor.default\">\n\t\t\t\t<div class=\"elementor-widget-container\">\n\t\t\t\t\t\t\t<p>Auditing is the heart of our business. Our opinion\u00a0on financial statements lends credibility to financial reports and information,\u00a0providing confidence to stakeholders\u00a0who rely on this information. As\u00a0risk-oriented financial auditors, we do not just audit accounts, we offer comprehensive, high-quality and future-oriented\u00a0audit services. Our mission is to add value to the company. Our action is not limited to\u00a0understanding the current economic situation, we develop compliance strategies that address your current challenges\u00a0and anticipate the repercussions of future changes for your business.<\/p>\t\t\t\t\t\t<\/div>\n\t\t\t\t<\/div>\n\t\t\t\t<\/div>\n\t\t\t\t\t<\/div>\n\t\t\t\t<\/div>\n\t\t<div class=\"elementor-element elementor-element-2ddeb1d e-flex e-con-boxed e-con\" data-id=\"2ddeb1d\" data-element_type=\"container\" data-settings=\"{&quot;content_width&quot;:&quot;boxed&quot;}\">\n\t\t\t\t\t<div class=\"e-con-inner\">\n\t\t<div class=\"elementor-element elementor-element-89aafd3 e-con-full e-flex e-con\" data-id=\"89aafd3\" data-element_type=\"container\" data-settings=\"{&quot;content_width&quot;:&quot;full&quot;}\">\n\t\t\t\t<div class=\"elementor-element elementor-element-d847943 elementor-widget elementor-widget-image\" data-id=\"d847943\" data-element_type=\"widget\" data-widget_type=\"image.default\">\n\t\t\t\t<div class=\"elementor-widget-container\">\n\t\t\t\t\t\t\t\t\t\t\t\t\t\t\t<img loading=\"lazy\" decoding=\"async\" width=\"1000\" height=\"667\" src=\"https:\/\/www.serval-associes.eu\/wp-content\/uploads\/2023\/09\/pexels-pixabay-265087.jpg\" class=\"attachment-full size-full wp-image-459\" alt=\"\" srcset=\"https:\/\/www.serval-associes.eu\/wp-content\/uploads\/2023\/09\/pexels-pixabay-265087.jpg 1000w, https:\/\/www.serval-associes.eu\/wp-content\/uploads\/2023\/09\/pexels-pixabay-265087-300x200.jpg 300w, https:\/\/www.serval-associes.eu\/wp-content\/uploads\/2023\/09\/pexels-pixabay-265087-768x512.jpg 768w\" sizes=\"auto, (max-width: 1000px) 100vw, 1000px\" \/>\t\t\t\t\t\t\t\t\t\t\t\t\t\t\t<\/div>\n\t\t\t\t<\/div>\n\t\t\t\t<\/div>\n\t\t<div class=\"elementor-element elementor-element-8e950c0 e-con-full e-flex e-con\" data-id=\"8e950c0\" data-element_type=\"container\" data-settings=\"{&quot;content_width&quot;:&quot;full&quot;}\">\n\t\t\t\t<div class=\"elementor-element elementor-element-f9847ce elementor-widget elementor-widget-heading\" data-id=\"f9847ce\" data-element_type=\"widget\" data-widget_type=\"heading.default\">\n\t\t\t\t<div class=\"elementor-widget-container\">\n\t\t\t<h2 class=\"elementor-heading-title elementor-size-default\">Accounting<\/h2>\t\t<\/div>\n\t\t\t\t<\/div>\n\t\t\t\t<div class=\"elementor-element elementor-element-f285530 elementor-widget elementor-widget-text-editor\" data-id=\"f285530\" data-element_type=\"widget\" data-widget_type=\"text-editor.default\">\n\t\t\t\t<div class=\"elementor-widget-container\">\n\t\t\t\t\t\t\t<p>Our teams are made up of accounting professionals to carry out the following main types of missions:<br \/>\u2022 Review and preparation of financial statements<br \/>\u2022 Management reporting and forecasts<br \/>\u2022 Preparation of consolidated accounts<br \/>\u2022 Assistance in the implementation of IFRS \/ US GAAP or other national standards<br \/>\u2022 Tax returns<\/p>\t\t\t\t\t\t<\/div>\n\t\t\t\t<\/div>\n\t\t\t\t<\/div>\n\t\t\t\t\t<\/div>\n\t\t\t\t<\/div>\n\t\t<div class=\"elementor-element elementor-element-5ed7830 e-flex e-con-boxed e-con\" data-id=\"5ed7830\" data-element_type=\"container\" data-settings=\"{&quot;content_width&quot;:&quot;boxed&quot;}\">\n\t\t\t\t\t<div class=\"e-con-inner\">\n\t\t<div class=\"elementor-element elementor-element-69fb3c5 e-con-full e-flex e-con\" data-id=\"69fb3c5\" data-element_type=\"container\" data-settings=\"{&quot;content_width&quot;:&quot;full&quot;}\">\n\t\t\t\t<div class=\"elementor-element elementor-element-48c3b3f elementor-widget elementor-widget-image\" data-id=\"48c3b3f\" data-element_type=\"widget\" data-widget_type=\"image.default\">\n\t\t\t\t<div class=\"elementor-widget-container\">\n\t\t\t\t\t\t\t\t\t\t\t\t\t\t\t<img loading=\"lazy\" decoding=\"async\" width=\"1700\" height=\"1134\" src=\"https:\/\/www.serval-associes.eu\/wp-content\/uploads\/2023\/09\/fundjpg021.jpg\" class=\"attachment-full size-full wp-image-262\" alt=\"\" srcset=\"https:\/\/www.serval-associes.eu\/wp-content\/uploads\/2023\/09\/fundjpg021.jpg 1700w, https:\/\/www.serval-associes.eu\/wp-content\/uploads\/2023\/09\/fundjpg021-300x200.jpg 300w, https:\/\/www.serval-associes.eu\/wp-content\/uploads\/2023\/09\/fundjpg021-1024x683.jpg 1024w, https:\/\/www.serval-associes.eu\/wp-content\/uploads\/2023\/09\/fundjpg021-768x512.jpg 768w, https:\/\/www.serval-associes.eu\/wp-content\/uploads\/2023\/09\/fundjpg021-1536x1025.jpg 1536w\" sizes=\"auto, (max-width: 1700px) 100vw, 1700px\" \/>\t\t\t\t\t\t\t\t\t\t\t\t\t\t\t<\/div>\n\t\t\t\t<\/div>\n\t\t\t\t<\/div>\n\t\t<div class=\"elementor-element elementor-element-37cf50b e-con-full e-flex e-con\" data-id=\"37cf50b\" data-element_type=\"container\" data-settings=\"{&quot;content_width&quot;:&quot;full&quot;}\">\n\t\t\t\t<div class=\"elementor-element elementor-element-fdea1d9 elementor-widget elementor-widget-heading\" data-id=\"fdea1d9\" data-element_type=\"widget\" data-widget_type=\"heading.default\">\n\t\t\t\t<div class=\"elementor-widget-container\">\n\t\t\t<h2 class=\"elementor-heading-title elementor-size-default\">Consulting<\/h2>\t\t<\/div>\n\t\t\t\t<\/div>\n\t\t\t\t<div class=\"elementor-element elementor-element-c329a41 elementor-widget elementor-widget-text-editor\" data-id=\"c329a41\" data-element_type=\"widget\" data-widget_type=\"text-editor.default\">\n\t\t\t\t<div class=\"elementor-widget-container\">\n\t\t\t\t\t\t\t<p>Our firm's mission is also to help companies achieve their strategic objectives in terms of mergers and acquisitions, financial evaluation, due diligence, organization and internal control procedures intended to improve performance.<\/p><p>Transaction support \u2013 audit and evaluation.<\/p><p>Groupe Audit Serval &amp; Associ\u00e9s offers sellers and buyers all the skills and expertise necessary for due diligence on the acquisition or sale of businesses and valuations.<\/p><p>Organization and internal control procedures.<\/p><p>Le Groupe Audit Serval &amp; Associ\u00e9s propose son assistance en vue\u00a0d\u2019accompagner les entreprises pour am\u00e9liorer les proc\u00e9dures de\u00a0contr\u00f4le interne, \u00e9valuer et renforcer l\u2019efficacit\u00e9 des processus de\u00a0gestion des risques, de contr\u00f4le et de gouvernance. Notre compr\u00e9hension \u00e9tendue des risques et des domaines\u00a0d\u2019am\u00e9lioration op\u00e9rationnelle en fonction des secteurs, optimise la\u00a0performance de l\u2019audit interne et apporte de la valeur aux modes\u00a0d\u2019organisation des entreprises.<\/p>\t\t\t\t\t\t<\/div>\n\t\t\t\t<\/div>\n\t\t\t\t<\/div>\n\t\t\t\t\t<\/div>\n\t\t\t\t<\/div>\n\t\t<div class=\"elementor-element elementor-element-074d043 e-flex e-con-boxed e-con\" data-id=\"074d043\" data-element_type=\"container\" data-settings=\"{&quot;content_width&quot;:&quot;boxed&quot;}\">\n\t\t\t\t\t<div class=\"e-con-inner\">\n\t\t<div class=\"elementor-element elementor-element-245a656 e-con-full e-flex e-con\" data-id=\"245a656\" data-element_type=\"container\" data-settings=\"{&quot;content_width&quot;:&quot;full&quot;}\">\n\t\t\t\t<div class=\"elementor-element elementor-element-186cc99 elementor-widget elementor-widget-image\" data-id=\"186cc99\" data-element_type=\"widget\" data-widget_type=\"image.default\">\n\t\t\t\t<div class=\"elementor-widget-container\">\n\t\t\t\t\t\t\t\t\t\t\t\t\t\t\t<img loading=\"lazy\" decoding=\"async\" width=\"1000\" height=\"667\" src=\"https:\/\/www.serval-associes.eu\/wp-content\/uploads\/2023\/09\/pexels-pixabay-265087.jpg\" class=\"attachment-full size-full wp-image-459\" alt=\"\" srcset=\"https:\/\/www.serval-associes.eu\/wp-content\/uploads\/2023\/09\/pexels-pixabay-265087.jpg 1000w, https:\/\/www.serval-associes.eu\/wp-content\/uploads\/2023\/09\/pexels-pixabay-265087-300x200.jpg 300w, https:\/\/www.serval-associes.eu\/wp-content\/uploads\/2023\/09\/pexels-pixabay-265087-768x512.jpg 768w\" sizes=\"auto, (max-width: 1000px) 100vw, 1000px\" \/>\t\t\t\t\t\t\t\t\t\t\t\t\t\t\t<\/div>\n\t\t\t\t<\/div>\n\t\t\t\t<\/div>\n\t\t<div class=\"elementor-element elementor-element-72083b7 e-con-full e-flex e-con\" data-id=\"72083b7\" data-element_type=\"container\" data-settings=\"{&quot;content_width&quot;:&quot;full&quot;}\">\n\t\t\t\t<div class=\"elementor-element elementor-element-9ef8360 elementor-widget elementor-widget-heading\" data-id=\"9ef8360\" data-element_type=\"widget\" data-widget_type=\"heading.default\">\n\t\t\t\t<div class=\"elementor-widget-container\">\n\t\t\t<h2 class=\"elementor-heading-title elementor-size-default\">Big Data Audit Software<\/h2>\t\t<\/div>\n\t\t\t\t<\/div>\n\t\t\t\t<div class=\"elementor-element elementor-element-743c0f3 elementor-widget elementor-widget-text-editor\" data-id=\"743c0f3\" data-element_type=\"widget\" data-widget_type=\"text-editor.default\">\n\t\t\t\t<div class=\"elementor-widget-container\">\n\t\t\t\t\t\t\t<p>Innovative financial audit software processing companies' big data using artificial intelligence is under constant development by our firm's technical teams, keen to adapt it to the diversity of our clients' needs. This audit software aims to ensure the regularity of financial statements and economic transactions and, if necessary, to reconstruct international accounts.<\/p>\t\t\t\t\t\t<\/div>\n\t\t\t\t<\/div>\n\t\t\t\t<\/div>\n\t\t\t\t\t<\/div>\n\t\t\t\t<\/div>\n\t\t<div class=\"elementor-element elementor-element-6745202 e-flex e-con-boxed e-con\" data-id=\"6745202\" data-element_type=\"container\" data-settings=\"{&quot;content_width&quot;:&quot;boxed&quot;}\">\n\t\t\t\t\t<div class=\"e-con-inner\">\n\t\t<div class=\"elementor-element elementor-element-b632635 e-con-full e-flex e-con\" data-id=\"b632635\" data-element_type=\"container\" data-settings=\"{&quot;content_width&quot;:&quot;full&quot;}\">\n\t\t\t\t<div class=\"elementor-element elementor-element-59555e9 elementor-widget elementor-widget-image\" data-id=\"59555e9\" data-element_type=\"widget\" data-widget_type=\"image.default\">\n\t\t\t\t<div class=\"elementor-widget-container\">\n\t\t\t\t\t\t\t\t\t\t\t\t\t\t\t<img loading=\"lazy\" decoding=\"async\" width=\"1000\" height=\"667\" src=\"https:\/\/www.serval-associes.eu\/wp-content\/uploads\/2023\/09\/pexels-nataliya-vaitkevich-6863332.jpg\" class=\"attachment-full size-full wp-image-454\" alt=\"\" srcset=\"https:\/\/www.serval-associes.eu\/wp-content\/uploads\/2023\/09\/pexels-nataliya-vaitkevich-6863332.jpg 1000w, https:\/\/www.serval-associes.eu\/wp-content\/uploads\/2023\/09\/pexels-nataliya-vaitkevich-6863332-300x200.jpg 300w, https:\/\/www.serval-associes.eu\/wp-content\/uploads\/2023\/09\/pexels-nataliya-vaitkevich-6863332-768x512.jpg 768w\" sizes=\"auto, (max-width: 1000px) 100vw, 1000px\" \/>\t\t\t\t\t\t\t\t\t\t\t\t\t\t\t<\/div>\n\t\t\t\t<\/div>\n\t\t\t\t<\/div>\n\t\t<div class=\"elementor-element elementor-element-0cf4fb7 e-con-full e-flex e-con\" data-id=\"0cf4fb7\" data-element_type=\"container\" data-settings=\"{&quot;content_width&quot;:&quot;full&quot;}\">\n\t\t\t\t<div class=\"elementor-element elementor-element-e19dabd elementor-widget elementor-widget-heading\" data-id=\"e19dabd\" data-element_type=\"widget\" data-widget_type=\"heading.default\">\n\t\t\t\t<div class=\"elementor-widget-container\">\n\t\t\t<h2 class=\"elementor-heading-title elementor-size-default\">Tax Compliance<\/h2>\t\t<\/div>\n\t\t\t\t<\/div>\n\t\t\t\t<div class=\"elementor-element elementor-element-c0934e5 elementor-widget elementor-widget-text-editor\" data-id=\"c0934e5\" data-element_type=\"widget\" data-widget_type=\"text-editor.default\">\n\t\t\t\t<div class=\"elementor-widget-container\">\n\t\t\t\t\t\t\t<p>Le Groupe Audit Serval &amp; Associ\u00e9s peut aider les avocats et les comptables \u00e0 traiter de nombreuses\u00a0questions qui exigent des chiffres et des formalit\u00e9s obligatoires. Il en est ainsi des questions\u00a0de TVA, de r\u00e9gime d\u2019expatriation, de r\u00e9gimes sp\u00e9ciaux et de statuts fiscaux, de mise en \u0153uvre\u00a0de conventions internationales, d\u2019options l\u00e9gales. Les prix de transfert constituent un champ\u00a0qui implique la r\u00e9cup\u00e9ration des chiffres et du droit. Sur ces sujets, notre cabinet est organis\u00e9 pour coop\u00e9rer avec les sp\u00e9cialistes ind\u00e9pendants les\u00a0plus reconnus dans leur domaine.<\/p>\t\t\t\t\t\t<\/div>\n\t\t\t\t<\/div>\n\t\t\t\t<\/div>\n\t\t\t\t\t<\/div>\n\t\t\t\t<\/div>\n\t\t<div class=\"elementor-element elementor-element-e2f1af7 e-flex e-con-boxed e-con\" data-id=\"e2f1af7\" data-element_type=\"container\" data-settings=\"{&quot;content_width&quot;:&quot;boxed&quot;}\">\n\t\t\t\t\t<div class=\"e-con-inner\">\n\t\t<div class=\"elementor-element elementor-element-313f0fa e-con-full e-flex e-con\" data-id=\"313f0fa\" data-element_type=\"container\" data-settings=\"{&quot;content_width&quot;:&quot;full&quot;}\">\n\t\t\t\t<div class=\"elementor-element elementor-element-ed5dda4 elementor-widget elementor-widget-image\" data-id=\"ed5dda4\" data-element_type=\"widget\" data-widget_type=\"image.default\">\n\t\t\t\t<div class=\"elementor-widget-container\">\n\t\t\t\t\t\t\t\t\t\t\t\t\t\t\t<img loading=\"lazy\" decoding=\"async\" width=\"1000\" height=\"667\" src=\"https:\/\/www.serval-associes.eu\/wp-content\/uploads\/2023\/09\/front-view-man-with-wooden-blocks-1.jpg\" class=\"attachment-full size-full wp-image-444\" alt=\"\" srcset=\"https:\/\/www.serval-associes.eu\/wp-content\/uploads\/2023\/09\/front-view-man-with-wooden-blocks-1.jpg 1000w, https:\/\/www.serval-associes.eu\/wp-content\/uploads\/2023\/09\/front-view-man-with-wooden-blocks-1-300x200.jpg 300w, https:\/\/www.serval-associes.eu\/wp-content\/uploads\/2023\/09\/front-view-man-with-wooden-blocks-1-768x512.jpg 768w\" sizes=\"auto, (max-width: 1000px) 100vw, 1000px\" \/>\t\t\t\t\t\t\t\t\t\t\t\t\t\t\t<\/div>\n\t\t\t\t<\/div>\n\t\t\t\t<\/div>\n\t\t<div class=\"elementor-element elementor-element-87d0311 e-con-full e-flex e-con\" data-id=\"87d0311\" data-element_type=\"container\" data-settings=\"{&quot;content_width&quot;:&quot;full&quot;}\">\n\t\t\t\t<div class=\"elementor-element elementor-element-f9fda08 elementor-widget elementor-widget-heading\" data-id=\"f9fda08\" data-element_type=\"widget\" data-widget_type=\"heading.default\">\n\t\t\t\t<div class=\"elementor-widget-container\">\n\t\t\t<h2 class=\"elementor-heading-title elementor-size-default\">ESG (Environment, Social and Governance)<\/h2>\t\t<\/div>\n\t\t\t\t<\/div>\n\t\t\t\t<div class=\"elementor-element elementor-element-303fc09 elementor-widget elementor-widget-text-editor\" data-id=\"303fc09\" data-element_type=\"widget\" data-widget_type=\"text-editor.default\">\n\t\t\t\t<div class=\"elementor-widget-container\">\n\t\t\t\t\t\t\t<p>Le Groupe Audit Serval &amp; Associ\u00e9s s'est engag\u00e9 dans une d\u00e9marche de suivi des normes\u00a0Environnementales, Sociales et de bonne Gouvernance, qui sont utilis\u00e9es pour analyser et\u00a0\u00e9valuer la prise en compte du d\u00e9veloppement durable dans la strat\u00e9gie des entreprises. Ces\u00a0valeurs \u00e9thiques sont inh\u00e9rentes \u00e0 la culture de notre cabinet, attach\u00e9es \u00e0 la diversit\u00e9 des talents\u00a0et au respect du cadre environnemental.<\/p><p>Notre objectif : proposer aux clients de notre r\u00e9seau une mise en oeuvre des exigences\u00a0ESG correspondantes aux diff\u00e9rents degr\u00e9s de certification, avec des niveaux d'engagement\u00a0diff\u00e9rents selon les degr\u00e9s de certification retenus et une d\u00e9marche de recommandation\u00a0suivant les activit\u00e9s et sites vis\u00e9s.<\/p>\t\t\t\t\t\t<\/div>\n\t\t\t\t<\/div>\n\t\t\t\t<\/div>\n\t\t\t\t\t<\/div>\n\t\t\t\t<\/div>\n\t\t\t\t\t<\/div>\n\t\t\t\t<\/div>\n\t\t<div class=\"elementor-element elementor-element-e4a6328 e-flex e-con-boxed e-con\" data-id=\"e4a6328\" data-element_type=\"container\" data-settings=\"{&quot;content_width&quot;:&quot;boxed&quot;}\">\n\t\t\t\t\t<div class=\"e-con-inner\">\n\t\t<div class=\"elementor-element elementor-element-c693beb e-con-full e-flex e-con\" data-id=\"c693beb\" data-element_type=\"container\" data-settings=\"{&quot;background_background&quot;:&quot;classic&quot;,&quot;content_width&quot;:&quot;full&quot;}\">\n\t\t<div class=\"elementor-element elementor-element-c6efe7c e-con-full e-flex e-con\" data-id=\"c6efe7c\" data-element_type=\"container\" data-settings=\"{&quot;content_width&quot;:&quot;full&quot;}\">\n\t\t\t\t<div class=\"elementor-element elementor-element-3741b66 elementor-widget elementor-widget-heading\" data-id=\"3741b66\" data-element_type=\"widget\" data-widget_type=\"heading.default\">\n\t\t\t\t<div class=\"elementor-widget-container\">\n\t\t\t<h2 class=\"elementor-heading-title elementor-size-default\">We contribute to the performance of your business<\/h2>\t\t<\/div>\n\t\t\t\t<\/div>\n\t\t\t\t<div class=\"elementor-element elementor-element-68fbd53 elementor-mobile-align-center elementor-widget elementor-widget-button\" data-id=\"68fbd53\" data-element_type=\"widget\" data-widget_type=\"button.default\">\n\t\t\t\t<div class=\"elementor-widget-container\">\n\t\t\t\t\t<div class=\"elementor-button-wrapper\">\n\t\t\t<a class=\"elementor-button elementor-button-link elementor-size-sm\" href=\"http:\/\/ahhjgrk.cluster028.hosting.ovh.net\/index.php\/contact\/\" target=\"_blank\" rel=\"noopener\">\n\t\t\t\t\t\t<span class=\"elementor-button-content-wrapper\">\n\t\t\t\t\t\t<span class=\"elementor-button-icon elementor-align-icon-right\">\n\t\t\t\t<i aria-hidden=\"true\" class=\"icon icon-arrow-right\"><\/i>\t\t\t<\/span>\n\t\t\t\t\t\t<span class=\"elementor-button-text\">Contact-Us<\/span>\n\t\t<\/span>\n\t\t\t\t\t<\/a>\n\t\t<\/div>\n\t\t\t\t<\/div>\n\t\t\t\t<\/div>\n\t\t\t\t<\/div>\n\t\t<div class=\"elementor-element elementor-element-9285c39 e-con-full e-flex e-con\" data-id=\"9285c39\" data-element_type=\"container\" data-settings=\"{&quot;content_width&quot;:&quot;full&quot;}\">\n\t\t\t\t<\/div>\n\t\t\t\t<\/div>\n\t\t\t\t\t<\/div>\n\t\t\t\t<\/div>\n\t\t\t\t\t\t\t<\/div>","protected":false},"excerpt":{"rendered":"<p>Services The name Groupe Audit Serval &amp; Associ\u00e9s is synonymous with quality and integrity, with operational capacity in all sectors of activity. Our aim is to ensure the consistency and transparency of accounting and financial information, in accordance with the main international standard-setting systems. Our services are designed to help you create value and optimise your financial assets....<\/p>","protected":false},"author":4,"featured_media":0,"parent":0,"menu_order":0,"comment_status":"closed","ping_status":"closed","template":"elementor_header_footer","meta":{"_kad_post_transparent":"","_kad_post_title":"hide","_kad_post_layout":"fullwidth","_kad_post_sidebar_id":"","_kad_post_content_style":"unboxed","_kad_post_vertical_padding":"hide","_kad_post_feature":"hide","_kad_post_feature_position":"","_kad_post_header":false,"_kad_post_footer":false,"footnotes":""},"class_list":["post-293","page","type-page","status-publish","hentry"],"_links":{"self":[{"href":"http:\/\/www.serval-associes.eu\/en\/wp-json\/wp\/v2\/pages\/293","targetHints":{"allow":["GET"]}}],"collection":[{"href":"http:\/\/www.serval-associes.eu\/en\/wp-json\/wp\/v2\/pages"}],"about":[{"href":"http:\/\/www.serval-associes.eu\/en\/wp-json\/wp\/v2\/types\/page"}],"author":[{"embeddable":true,"href":"http:\/\/www.serval-associes.eu\/en\/wp-json\/wp\/v2\/users\/4"}],"replies":[{"embeddable":true,"href":"http:\/\/www.serval-associes.eu\/en\/wp-json\/wp\/v2\/comments?post=293"}],"version-history":[{"count":50,"href":"http:\/\/www.serval-associes.eu\/en\/wp-json\/wp\/v2\/pages\/293\/revisions"}],"predecessor-version":[{"id":1537,"href":"http:\/\/www.serval-associes.eu\/en\/wp-json\/wp\/v2\/pages\/293\/revisions\/1537"}],"wp:attachment":[{"href":"http:\/\/www.serval-associes.eu\/en\/wp-json\/wp\/v2\/media?parent=293"}],"curies":[{"name":"wp","href":"https:\/\/api.w.org\/{rel}","templated":true}]}}